{"id":101,"date":"2016-07-21T14:19:53","date_gmt":"2016-07-21T14:19:53","guid":{"rendered":"https:\/\/mcdg.hu\/de\/?page_id=101"},"modified":"2016-07-21T14:19:53","modified_gmt":"2016-07-21T14:19:53","slug":"gesellschaftsrecht","status":"publish","type":"page","link":"https:\/\/mcdg.hu\/de\/index.php\/gesellschaftsrecht\/","title":{"rendered":"Gesellschaftsrecht"},"content":{"rendered":"<ul>\n<li>Existenzgr\u00fcndung<\/li>\n<li>Modifizierung von Gr\u00fcndungsurkunden,<\/li>\n<li>Umstrukturierung und Sanierung,<\/li>\n<li>Spaltungen \u2013 Vereinigungen,<\/li>\n<li>Syndikatsvertr\u00e4ge,<\/li>\n<li>Gesellschafterwechsel, \u00dcbertragung, Rechtsnachfolge,<\/li>\n<li>gesetzliche Aufsichtsverfahren,<\/li>\n<li>Sicherung der Gesetzm\u00e4\u00dfigkeit der Firmen<\/li>\n<li>Unternehmensk\u00e4ufe (M&amp;A)<\/li>\n<\/ul>\n","protected":false},"excerpt":{"rendered":"<p>Existenzgr\u00fcndung Modifizierung von Gr\u00fcndungsurkunden, Umstrukturierung und Sanierung, Spaltungen \u2013 Vereinigungen, Syndikatsvertr\u00e4ge, Gesellschafterwechsel, \u00dcbertragung, Rechtsnachfolge, gesetzliche Aufsichtsverfahren, Sicherung der Gesetzm\u00e4\u00dfigkeit der Firmen Unternehmensk\u00e4ufe (M&amp;A)<\/p>\n","protected":false},"author":1,"featured_media":0,"parent":0,"menu_order":0,"comment_status":"closed","ping_status":"closed","template":"","meta":{"ngg_post_thumbnail":0,"footnotes":""},"class_list":["post-101","page","type-page","status-publish","hentry"],"aioseo_notices":[],"_links":{"self":[{"href":"https:\/\/mcdg.hu\/de\/index.php\/wp-json\/wp\/v2\/pages\/101","targetHints":{"allow":["GET"]}}],"collection":[{"href":"https:\/\/mcdg.hu\/de\/index.php\/wp-json\/wp\/v2\/pages"}],"about":[{"href":"https:\/\/mcdg.hu\/de\/index.php\/wp-json\/wp\/v2\/types\/page"}],"author":[{"embeddable":true,"href":"https:\/\/mcdg.hu\/de\/index.php\/wp-json\/wp\/v2\/users\/1"}],"replies":[{"embeddable":true,"href":"https:\/\/mcdg.hu\/de\/index.php\/wp-json\/wp\/v2\/comments?post=101"}],"version-history":[{"count":1,"href":"https:\/\/mcdg.hu\/de\/index.php\/wp-json\/wp\/v2\/pages\/101\/revisions"}],"predecessor-version":[{"id":102,"href":"https:\/\/mcdg.hu\/de\/index.php\/wp-json\/wp\/v2\/pages\/101\/revisions\/102"}],"wp:attachment":[{"href":"https:\/\/mcdg.hu\/de\/index.php\/wp-json\/wp\/v2\/media?parent=101"}],"curies":[{"name":"wp","href":"https:\/\/api.w.org\/{rel}","templated":true}]}}