{"id":103,"date":"2016-07-21T14:20:20","date_gmt":"2016-07-21T14:20:20","guid":{"rendered":"https:\/\/mcdg.hu\/de\/?page_id=103"},"modified":"2016-07-21T14:20:20","modified_gmt":"2016-07-21T14:20:20","slug":"handels-und-vertragsrecht","status":"publish","type":"page","link":"https:\/\/mcdg.hu\/de\/index.php\/handels-und-vertragsrecht\/","title":{"rendered":"Handels- und Vertragsrecht"},"content":{"rendered":"<p style=\"text-align: justify;\">Prim\u00e4res Ziel bei der Erstellung der Vertr\u00e4ge, dass die Vertr\u00e4ge die Ziele und Vorhaben der Parteien am besten widerspiegeln, sowie dass die Beschreibung von den Dienstleistungen und den Rechtsfolgen der Nichtleistung genau, logisch und transparent sind.<\/p>\n<p style=\"text-align: justify;\">Unsere Rechtsanwaltskanzlei bietet w\u00e4hrend der Verhandlungen vor dem Vertragsabschluss sowie nach der Unterfertigung der Vertr\u00e4ge w\u00e4hrend des Bestehens der Gesch\u00e4ftsbeziehung juristische Dienste vom h\u00f6chsten Niveau. Die von uns vorbereiteten Vertr\u00e4ge sind gut strukturiert, umgehend bearbeitet und entsprechen den aktuellen rechtlichen Anforderungen. So gew\u00e4hren wir die ungest\u00f6rte rechtliche Abwicklung der Gesch\u00e4fte.<\/p>\n<p style=\"text-align: justify;\">Unter anderen erstellen, modifizieren und begutachten wir Dienstleistungs-, Auftrags-, Werk-, Makler-, Lieferungs-, Fracht-, Lizenz-, Franchisevertr\u00e4ge, sowie Kooperationsvereinbarungen, Syndikatsvertr\u00e4ge und sonstige Handelsvertr\u00e4ge.<\/p>\n","protected":false},"excerpt":{"rendered":"<p>Prim\u00e4res Ziel bei der Erstellung der Vertr\u00e4ge, dass die Vertr\u00e4ge die Ziele und Vorhaben der Parteien am besten widerspiegeln, sowie dass die Beschreibung von den Dienstleistungen und den Rechtsfolgen der Nichtleistung genau, logisch und transparent sind. Unsere Rechtsanwaltskanzlei bietet w\u00e4hrend&hellip; <\/p>\n","protected":false},"author":1,"featured_media":0,"parent":0,"menu_order":0,"comment_status":"closed","ping_status":"closed","template":"","meta":{"ngg_post_thumbnail":0,"footnotes":""},"class_list":["post-103","page","type-page","status-publish","hentry"],"aioseo_notices":[],"_links":{"self":[{"href":"https:\/\/mcdg.hu\/de\/index.php\/wp-json\/wp\/v2\/pages\/103","targetHints":{"allow":["GET"]}}],"collection":[{"href":"https:\/\/mcdg.hu\/de\/index.php\/wp-json\/wp\/v2\/pages"}],"about":[{"href":"https:\/\/mcdg.hu\/de\/index.php\/wp-json\/wp\/v2\/types\/page"}],"author":[{"embeddable":true,"href":"https:\/\/mcdg.hu\/de\/index.php\/wp-json\/wp\/v2\/users\/1"}],"replies":[{"embeddable":true,"href":"https:\/\/mcdg.hu\/de\/index.php\/wp-json\/wp\/v2\/comments?post=103"}],"version-history":[{"count":1,"href":"https:\/\/mcdg.hu\/de\/index.php\/wp-json\/wp\/v2\/pages\/103\/revisions"}],"predecessor-version":[{"id":104,"href":"https:\/\/mcdg.hu\/de\/index.php\/wp-json\/wp\/v2\/pages\/103\/revisions\/104"}],"wp:attachment":[{"href":"https:\/\/mcdg.hu\/de\/index.php\/wp-json\/wp\/v2\/media?parent=103"}],"curies":[{"name":"wp","href":"https:\/\/api.w.org\/{rel}","templated":true}]}}