{"id":105,"date":"2016-07-21T14:21:28","date_gmt":"2016-07-21T14:21:28","guid":{"rendered":"https:\/\/mcdg.hu\/de\/?page_id=105"},"modified":"2016-07-21T14:21:28","modified_gmt":"2016-07-21T14:21:28","slug":"immaterialguterrecht","status":"publish","type":"page","link":"https:\/\/mcdg.hu\/de\/index.php\/immaterialguterrecht\/","title":{"rendered":"Immaterialg\u00fcterrecht"},"content":{"rendered":"<ul>\n<li>Vereinbarungen \u00fcber Erwerb und Nutzung von Urheberrechte,<\/li>\n<li>Geltendmachung der Urheberrechte bei Verletzung der Urheberrechte,<\/li>\n<li>Vertr\u00e4ge \u00fcber Filmproduktion,<\/li>\n<li>Urheber- und Mitwirkungsvereinbarungen,<\/li>\n<li>Rechtsfragen bez\u00fcglich der Urheberrechte im Internet<\/li>\n<\/ul>\n<p>&nbsp;<\/p>\n<ul>\n<li>Markenrecht, Warenmarkenschutz<\/li>\n<li>freiwillige Registration von Werken<\/li>\n<\/ul>\n","protected":false},"excerpt":{"rendered":"<p>Vereinbarungen \u00fcber Erwerb und Nutzung von Urheberrechte, Geltendmachung der Urheberrechte bei Verletzung der Urheberrechte, Vertr\u00e4ge \u00fcber Filmproduktion, Urheber- und Mitwirkungsvereinbarungen, Rechtsfragen bez\u00fcglich der Urheberrechte im Internet &nbsp; Markenrecht, Warenmarkenschutz freiwillige Registration von Werken<\/p>\n","protected":false},"author":1,"featured_media":0,"parent":0,"menu_order":0,"comment_status":"closed","ping_status":"closed","template":"","meta":{"ngg_post_thumbnail":0,"footnotes":""},"class_list":["post-105","page","type-page","status-publish","hentry"],"aioseo_notices":[],"_links":{"self":[{"href":"https:\/\/mcdg.hu\/de\/index.php\/wp-json\/wp\/v2\/pages\/105","targetHints":{"allow":["GET"]}}],"collection":[{"href":"https:\/\/mcdg.hu\/de\/index.php\/wp-json\/wp\/v2\/pages"}],"about":[{"href":"https:\/\/mcdg.hu\/de\/index.php\/wp-json\/wp\/v2\/types\/page"}],"author":[{"embeddable":true,"href":"https:\/\/mcdg.hu\/de\/index.php\/wp-json\/wp\/v2\/users\/1"}],"replies":[{"embeddable":true,"href":"https:\/\/mcdg.hu\/de\/index.php\/wp-json\/wp\/v2\/comments?post=105"}],"version-history":[{"count":1,"href":"https:\/\/mcdg.hu\/de\/index.php\/wp-json\/wp\/v2\/pages\/105\/revisions"}],"predecessor-version":[{"id":106,"href":"https:\/\/mcdg.hu\/de\/index.php\/wp-json\/wp\/v2\/pages\/105\/revisions\/106"}],"wp:attachment":[{"href":"https:\/\/mcdg.hu\/de\/index.php\/wp-json\/wp\/v2\/media?parent=105"}],"curies":[{"name":"wp","href":"https:\/\/api.w.org\/{rel}","templated":true}]}}