{"id":113,"date":"2016-07-21T14:22:51","date_gmt":"2016-07-21T14:22:51","guid":{"rendered":"https:\/\/mcdg.hu\/de\/?page_id=113"},"modified":"2016-07-21T14:22:51","modified_gmt":"2016-07-21T14:22:51","slug":"vergaberecht-wettbewerbsrecht","status":"publish","type":"page","link":"https:\/\/mcdg.hu\/de\/index.php\/vergaberecht-wettbewerbsrecht\/","title":{"rendered":"Vergaberecht, Wettbewerbsrecht"},"content":{"rendered":"<ul>\n<li>Zusammenstellung von Angebote in \u00f6ffentlicher Vergabe<\/li>\n<li>Erstellung von Dokumentenschemen bez\u00fcglich der \u00f6ffentlichen Vergabe<\/li>\n<li>Erstellung von Dokumenten im Rechtsmittelverfahren<\/li>\n<li>Vertretung im Rechtsmittelverfahren vor der Schiedskommission f\u00fcr \u00f6ffentliche Vergabe<\/li>\n<\/ul>\n<ul>\n<li>unlauteres Wettbewerbsverhalten,<\/li>\n<li>unlautere Beeinflussung von Verbraucherentscheidungen,<\/li>\n<li>F\u00e4lle im Kartellrecht,<\/li>\n<li>F\u00e4lle bez\u00fcglich der Verletzung des guten Rufs sowie Merkmalaneignung,<\/li>\n<li>Verfahren vor der Wirtschaftswettbewerbsbeh\u00f6rde [Gazdas\u00e1gi Versenyhivatal],<\/li>\n<li>\u00dcberpr\u00fcfung der Gerichtsurteile der Wirtschaftswettbewerbsbeh\u00f6rde,<\/li>\n<li>F\u00e4lle im Verbraucherg\u00fcterrecht<\/li>\n<\/ul>\n","protected":false},"excerpt":{"rendered":"<p>Zusammenstellung von Angebote in \u00f6ffentlicher Vergabe Erstellung von Dokumentenschemen bez\u00fcglich der \u00f6ffentlichen Vergabe Erstellung von Dokumenten im Rechtsmittelverfahren Vertretung im Rechtsmittelverfahren vor der Schiedskommission f\u00fcr \u00f6ffentliche Vergabe unlauteres Wettbewerbsverhalten, unlautere Beeinflussung von Verbraucherentscheidungen, F\u00e4lle im Kartellrecht, F\u00e4lle bez\u00fcglich der Verletzung&hellip; <\/p>\n","protected":false},"author":1,"featured_media":0,"parent":0,"menu_order":0,"comment_status":"closed","ping_status":"closed","template":"","meta":{"ngg_post_thumbnail":0,"footnotes":""},"class_list":["post-113","page","type-page","status-publish","hentry"],"aioseo_notices":[],"_links":{"self":[{"href":"https:\/\/mcdg.hu\/de\/index.php\/wp-json\/wp\/v2\/pages\/113","targetHints":{"allow":["GET"]}}],"collection":[{"href":"https:\/\/mcdg.hu\/de\/index.php\/wp-json\/wp\/v2\/pages"}],"about":[{"href":"https:\/\/mcdg.hu\/de\/index.php\/wp-json\/wp\/v2\/types\/page"}],"author":[{"embeddable":true,"href":"https:\/\/mcdg.hu\/de\/index.php\/wp-json\/wp\/v2\/users\/1"}],"replies":[{"embeddable":true,"href":"https:\/\/mcdg.hu\/de\/index.php\/wp-json\/wp\/v2\/comments?post=113"}],"version-history":[{"count":1,"href":"https:\/\/mcdg.hu\/de\/index.php\/wp-json\/wp\/v2\/pages\/113\/revisions"}],"predecessor-version":[{"id":114,"href":"https:\/\/mcdg.hu\/de\/index.php\/wp-json\/wp\/v2\/pages\/113\/revisions\/114"}],"wp:attachment":[{"href":"https:\/\/mcdg.hu\/de\/index.php\/wp-json\/wp\/v2\/media?parent=113"}],"curies":[{"name":"wp","href":"https:\/\/api.w.org\/{rel}","templated":true}]}}