{"id":117,"date":"2016-07-21T14:24:43","date_gmt":"2016-07-21T14:24:43","guid":{"rendered":"https:\/\/mcdg.hu\/de\/?page_id=117"},"modified":"2016-07-21T14:24:43","modified_gmt":"2016-07-21T14:24:43","slug":"mandanten","status":"publish","type":"page","link":"https:\/\/mcdg.hu\/de\/index.php\/mandanten\/","title":{"rendered":"Mandanten"},"content":{"rendered":"<p style=\"text-align: justify;\">Unsere Mandanten sind vor allem lokale und ausl\u00e4ndische mittelst\u00e4ndische Unternehmen, die das ganze Spektrum der Industrie, des Handels und der Dienstleistung repr\u00e4sentieren. Neben klein- und mittelst\u00e4ndischen Unternehmen betreuen wir auch in- und ausl\u00e4ndische Privatpersonen und unsere Dienstleistungen werden von Zeit zu Zeit auch von einigen internationalen Grosskonzernen und von verschiedenen ungarischen Gemeinden in Anspruch genommen.<\/p>\n<p style=\"text-align: justify;\">Unser Ziel ist der Aufbau langj\u00e4hriger Mandantenbeziehungen. Die Annahme eines Mandaten wird in jedem Falle von einer sorgf\u00e4ltigen Abw\u00e4gung der aufzuwendenden Arbeit, der zu erwartenden Kosten und der realistischen Ergebnisse begleitet. Das Mandat selbst f\u00fchren wir in enger Zusammenarbeit mit den Mandanten aus, so dass jeder unserer Anw\u00e4lte seine Mandanten pers\u00f6nlich, eigenverantwortlich und umfassend betreut. Sollte zur L\u00f6sung eines juristischen Problems spezielles Fachwissen erforderlich sein, stehen unseren Mandanten selbstverst\u00e4ndlich die Fachkenntnisse der gesamten Kanzlei sowie die Unterst\u00fctzung von Arbeitsgruppen zur Verf\u00fcgung, die speziell nach den Bed\u00fcrfnissen des Mandanten zusammengestellt werden. Daher sind wir stolz auf unsere zahlreichen langj\u00e4hrigen und engen Mandantenbeziehungen.<\/p>\n<p>Die Liste unserer Mandanten, die zur Ver\u00f6ffentlichung Ihrer Namen zugestimmt haben, ist auf Anfrage verf\u00fcgbar.<\/p>\n","protected":false},"excerpt":{"rendered":"<p>Unsere Mandanten sind vor allem lokale und ausl\u00e4ndische mittelst\u00e4ndische Unternehmen, die das ganze Spektrum der Industrie, des Handels und der Dienstleistung repr\u00e4sentieren. Neben klein- und mittelst\u00e4ndischen Unternehmen betreuen wir auch in- und ausl\u00e4ndische Privatpersonen und unsere Dienstleistungen werden von Zeit&hellip; <\/p>\n","protected":false},"author":1,"featured_media":0,"parent":0,"menu_order":0,"comment_status":"closed","ping_status":"closed","template":"","meta":{"ngg_post_thumbnail":0,"footnotes":""},"class_list":["post-117","page","type-page","status-publish","hentry"],"aioseo_notices":[],"_links":{"self":[{"href":"https:\/\/mcdg.hu\/de\/index.php\/wp-json\/wp\/v2\/pages\/117","targetHints":{"allow":["GET"]}}],"collection":[{"href":"https:\/\/mcdg.hu\/de\/index.php\/wp-json\/wp\/v2\/pages"}],"about":[{"href":"https:\/\/mcdg.hu\/de\/index.php\/wp-json\/wp\/v2\/types\/page"}],"author":[{"embeddable":true,"href":"https:\/\/mcdg.hu\/de\/index.php\/wp-json\/wp\/v2\/users\/1"}],"replies":[{"embeddable":true,"href":"https:\/\/mcdg.hu\/de\/index.php\/wp-json\/wp\/v2\/comments?post=117"}],"version-history":[{"count":1,"href":"https:\/\/mcdg.hu\/de\/index.php\/wp-json\/wp\/v2\/pages\/117\/revisions"}],"predecessor-version":[{"id":118,"href":"https:\/\/mcdg.hu\/de\/index.php\/wp-json\/wp\/v2\/pages\/117\/revisions\/118"}],"wp:attachment":[{"href":"https:\/\/mcdg.hu\/de\/index.php\/wp-json\/wp\/v2\/media?parent=117"}],"curies":[{"name":"wp","href":"https:\/\/api.w.org\/{rel}","templated":true}]}}