{"id":30,"date":"2016-07-19T15:59:13","date_gmt":"2016-07-19T15:59:13","guid":{"rendered":"https:\/\/mcdg.hu\/de\/?page_id=30"},"modified":"2020-01-17T14:12:44","modified_gmt":"2020-01-17T14:12:44","slug":"kooperationspartner","status":"publish","type":"page","link":"https:\/\/mcdg.hu\/de\/index.php\/kooperationspartner\/","title":{"rendered":"Kooperationspartner"},"content":{"rendered":"<p><img loading=\"lazy\" decoding=\"async\" class=\"alignnone size-medium wp-image-136\" src=\"https:\/\/mcdg.hu\/de\/wp-content\/uploads\/2017\/01\/csokadavid-200x300.jpg\" alt=\"\" height=\"300\" width=\"200\" srcset=\"https:\/\/mcdg.hu\/de\/wp-content\/uploads\/2017\/01\/csokadavid-200x300.jpg 200w, https:\/\/mcdg.hu\/de\/wp-content\/uploads\/2017\/01\/csokadavid-768x1152.jpg 768w, https:\/\/mcdg.hu\/de\/wp-content\/uploads\/2017\/01\/csokadavid-683x1024.jpg 683w\" sizes=\"auto, (max-width: 200px) 100vw, 200px\" \/><\/p>\n<p><strong>dr. Cs\u00f3ka D\u00e1vid<\/strong><br \/>\nRechtsanwalt<\/p>\n<p>&nbsp;<\/p>\n<p><img loading=\"lazy\" decoding=\"async\" class=\"alignnone size-medium wp-image-138\" src=\"https:\/\/mcdg.hu\/de\/wp-content\/uploads\/2017\/01\/gyongyosikarola-200x300.jpg\" alt=\"\" height=\"300\" width=\"200\" srcset=\"https:\/\/mcdg.hu\/de\/wp-content\/uploads\/2017\/01\/gyongyosikarola-200x300.jpg 200w, https:\/\/mcdg.hu\/de\/wp-content\/uploads\/2017\/01\/gyongyosikarola-768x1152.jpg 768w, https:\/\/mcdg.hu\/de\/wp-content\/uploads\/2017\/01\/gyongyosikarola-683x1024.jpg 683w\" sizes=\"auto, (max-width: 200px) 100vw, 200px\" \/><\/p>\n<p><strong>dr. Gy\u00f6ngy\u00f6si Karola<\/strong><br \/>\nRechtsanwalt<\/p>\n<p>&nbsp;<\/p>\n<p><img loading=\"lazy\" decoding=\"async\" class=\"alignnone size-medium wp-image-139\" src=\"https:\/\/mcdg.hu\/de\/wp-content\/uploads\/2017\/01\/kovacseszter-200x300.jpg\" alt=\"\" height=\"300\" width=\"200\" srcset=\"https:\/\/mcdg.hu\/de\/wp-content\/uploads\/2017\/01\/kovacseszter-200x300.jpg 200w, https:\/\/mcdg.hu\/de\/wp-content\/uploads\/2017\/01\/kovacseszter-768x1152.jpg 768w, https:\/\/mcdg.hu\/de\/wp-content\/uploads\/2017\/01\/kovacseszter-683x1024.jpg 683w\" sizes=\"auto, (max-width: 200px) 100vw, 200px\" \/><\/p>\n<p><strong>dr. Kov\u00e1cs Eszter<\/strong><br \/>\nRechtsanwalt<\/p>\n","protected":false},"excerpt":{"rendered":"<p>dr. Cs\u00f3ka D\u00e1vid Rechtsanwalt &nbsp; dr. Gy\u00f6ngy\u00f6si Karola Rechtsanwalt &nbsp; dr. Kov\u00e1cs Eszter Rechtsanwalt<\/p>\n","protected":false},"author":1,"featured_media":0,"parent":0,"menu_order":0,"comment_status":"closed","ping_status":"closed","template":"","meta":{"ngg_post_thumbnail":0,"footnotes":""},"class_list":["post-30","page","type-page","status-publish","hentry"],"aioseo_notices":[],"_links":{"self":[{"href":"https:\/\/mcdg.hu\/de\/index.php\/wp-json\/wp\/v2\/pages\/30","targetHints":{"allow":["GET"]}}],"collection":[{"href":"https:\/\/mcdg.hu\/de\/index.php\/wp-json\/wp\/v2\/pages"}],"about":[{"href":"https:\/\/mcdg.hu\/de\/index.php\/wp-json\/wp\/v2\/types\/page"}],"author":[{"embeddable":true,"href":"https:\/\/mcdg.hu\/de\/index.php\/wp-json\/wp\/v2\/users\/1"}],"replies":[{"embeddable":true,"href":"https:\/\/mcdg.hu\/de\/index.php\/wp-json\/wp\/v2\/comments?post=30"}],"version-history":[{"count":6,"href":"https:\/\/mcdg.hu\/de\/index.php\/wp-json\/wp\/v2\/pages\/30\/revisions"}],"predecessor-version":[{"id":148,"href":"https:\/\/mcdg.hu\/de\/index.php\/wp-json\/wp\/v2\/pages\/30\/revisions\/148"}],"wp:attachment":[{"href":"https:\/\/mcdg.hu\/de\/index.php\/wp-json\/wp\/v2\/media?parent=30"}],"curies":[{"name":"wp","href":"https:\/\/api.w.org\/{rel}","templated":true}]}}