{"id":32,"date":"2016-07-19T16:00:44","date_gmt":"2016-07-19T16:00:44","guid":{"rendered":"https:\/\/mcdg.hu\/de\/?page_id=32"},"modified":"2018-09-24T15:59:41","modified_gmt":"2018-09-24T15:59:41","slug":"kontakt","status":"publish","type":"page","link":"https:\/\/mcdg.hu\/de\/index.php\/kontakt\/","title":{"rendered":"Kontakt"},"content":{"rendered":"<p><strong>1051 Budapest,&nbsp;J\u00f3zsef n\u00e1dor t\u00e9r 12., Ungarn<br \/>\nTel.: +36 1 266 5001<br \/>\nFax.: +36 1 317 1134<\/strong><br \/>\n<strong>Email:<\/strong>&nbsp; <strong><a href=\"mailto:info@mcdg.hu\">info@mcdg.hu<\/a><\/strong><\/p>\n<table align=\"left\" border=\"0\">\n<tbody>\n<tr>\n<td><strong><span style=\"color: #000000;\">Dr. Marosi Andr\u00e1s<\/span><br \/>\n<span style=\"color: #000000;\"> Email:<\/span> <\/strong> <strong><a href=\"mailto:andras.marosi@mcdg.hu\">andras.marosi@mcdg.hu<\/a><\/strong><\/td>\n<td><strong><span style=\"color: #000000;\">Dr. B\u00e1rd P. K\u00e1roly<\/span><br \/>\n<span style=\"color: #000000;\"> Email:<\/span> <\/strong> <strong><a href=\"mailto:karoly.bard@mcdg.hu\">karoly.bard@mcdg.hu<\/a><\/strong><\/td>\n<\/tr>\n<tr>\n<td><strong><span style=\"color: #000000;\">Dr. Gy\u00f6ngy\u00f6si Karola<\/span><br \/>\n<span style=\"color: #000000;\"> Email:<\/span> <a href=\"mailto:karola.gyongyosi@mcdg.hu\">karola.gyongyosi@mcdg.hu<\/a><\/strong><\/td>\n<td><span style=\"color: #000000;\"><strong>Dr. Cs\u00f3ka D\u00e1vid<br \/>\nEmail: <\/strong><\/span> <strong><a href=\"mailto:david.csoka@mcdg.hu\">david.csoka@mcdg.hu<\/a> <\/strong><\/td>\n<\/tr>\n<tr>\n<td>&nbsp;<\/td>\n<td><span style=\"color: #000000;\"><strong>Dr. Kov\u00e1cs Eszter<br \/>\nEmail:<\/strong><\/span> <strong><a href=\"mailto:eszter.kovacs@mcdg.hu\">eszter.kovacs@mcdg.hu<\/a><\/strong><\/td>\n<\/tr>\n<tr>\n<td>&nbsp;<\/td>\n<td><span style=\"color: #000000;\"><strong>T\u00f6r\u0151csik Eszter<br \/>\nEmail: <\/strong><\/span> <strong><a href=\"mailto:eszter.torocsik@mcdg.hu\">eszter.torocsik@mcdg.hu<\/a><\/strong><\/td>\n<\/tr>\n<\/tbody>\n<\/table>\n<p><strong>Mit dieser Formulare k\u00f6nnen uns sofort Nachricht hinterlassen:<br \/>\n<\/strong><\/p>\n\n<div class=\"wpcf7 no-js\" id=\"wpcf7-f18-o1\" lang=\"hu-HU\" dir=\"ltr\" data-wpcf7-id=\"18\">\n<div class=\"screen-reader-response\"><p role=\"status\" aria-live=\"polite\" aria-atomic=\"true\"><\/p> <ul><\/ul><\/div>\n<form action=\"\/de\/index.php\/wp-json\/wp\/v2\/pages\/32#wpcf7-f18-o1\" method=\"post\" class=\"wpcf7-form init\" aria-label=\"Kapcsolatfelv\u00e9teli \u0171rlap\" novalidate=\"novalidate\" data-status=\"init\">\n<div style=\"display: none;\">\n<input type=\"hidden\" name=\"_wpcf7\" value=\"18\" \/>\n<input type=\"hidden\" name=\"_wpcf7_version\" value=\"6.0.6\" \/>\n<input type=\"hidden\" name=\"_wpcf7_locale\" value=\"hu_HU\" \/>\n<input type=\"hidden\" name=\"_wpcf7_unit_tag\" value=\"wpcf7-f18-o1\" \/>\n<input type=\"hidden\" name=\"_wpcf7_container_post\" value=\"0\" \/>\n<input type=\"hidden\" name=\"_wpcf7_posted_data_hash\" value=\"\" \/>\n<input type=\"hidden\" name=\"_wpcf7_recaptcha_response\" value=\"\" \/>\n<\/div>\n<p>Name (obligatorisch)\n<\/p>\n<p><span class=\"wpcf7-form-control-wrap\" data-name=\"your-name\"><input size=\"40\" maxlength=\"400\" class=\"wpcf7-form-control wpcf7-text wpcf7-validates-as-required\" aria-required=\"true\" aria-invalid=\"false\" value=\"\" type=\"text\" name=\"your-name\" \/><\/span>\n<\/p>\n<p>Email (obligatorisch)\n<\/p>\n<p><span class=\"wpcf7-form-control-wrap\" data-name=\"your-email\"><input size=\"40\" maxlength=\"400\" class=\"wpcf7-form-control wpcf7-email wpcf7-validates-as-required wpcf7-text wpcf7-validates-as-email\" aria-required=\"true\" aria-invalid=\"false\" value=\"\" type=\"email\" name=\"your-email\" \/><\/span>\n<\/p>\n<p>Thema\n<\/p>\n<p><span class=\"wpcf7-form-control-wrap\" data-name=\"your-subject\"><input size=\"40\" maxlength=\"400\" class=\"wpcf7-form-control wpcf7-text\" aria-invalid=\"false\" value=\"\" type=\"text\" name=\"your-subject\" \/><\/span>\n<\/p>\n<p>Nachricht\n<\/p>\n<p><span class=\"wpcf7-form-control-wrap\" data-name=\"your-message\"><textarea cols=\"40\" rows=\"10\" maxlength=\"2000\" class=\"wpcf7-form-control wpcf7-textarea\" aria-invalid=\"false\" name=\"your-message\"><\/textarea><\/span>\n<\/p>\n<p><input class=\"wpcf7-form-control wpcf7-submit has-spinner\" type=\"submit\" value=\"Senden\" \/>\n<\/p><p style=\"display: none !important;\" class=\"akismet-fields-container\" data-prefix=\"_wpcf7_ak_\"><label>&#916;<textarea name=\"_wpcf7_ak_hp_textarea\" cols=\"45\" rows=\"8\" maxlength=\"100\"><\/textarea><\/label><input type=\"hidden\" id=\"ak_js_1\" name=\"_wpcf7_ak_js\" value=\"152\"\/><script>document.getElementById( \"ak_js_1\" ).setAttribute( \"value\", ( new Date() ).getTime() );<\/script><\/p><div class=\"wpcf7-response-output\" aria-hidden=\"true\"><\/div>\n<\/form>\n<\/div>\n\n<p>&nbsp;<\/p>\n<p><iframe loading=\"lazy\" src=\"https:\/\/www.google.com\/maps\/d\/embed?mid=15_7zPo-CizqimRyh5B-y6nnDKG0\" height=\"480\" width=\"640\"><\/iframe><\/p>\n<p>&nbsp;<\/p>\n","protected":false},"excerpt":{"rendered":"<p>1051 Budapest,&nbsp;J\u00f3zsef n\u00e1dor t\u00e9r 12., Ungarn Tel.: +36 1 266 5001 Fax.: +36 1 317 1134 Email:&nbsp; info@mcdg.hu Dr. Marosi Andr\u00e1s Email: andras.marosi@mcdg.hu Dr. B\u00e1rd P. K\u00e1roly Email: karoly.bard@mcdg.hu Dr. Gy\u00f6ngy\u00f6si Karola Email: karola.gyongyosi@mcdg.hu Dr. Cs\u00f3ka D\u00e1vid Email: david.csoka@mcdg.hu &nbsp;&hellip; <\/p>\n","protected":false},"author":1,"featured_media":0,"parent":0,"menu_order":0,"comment_status":"closed","ping_status":"closed","template":"","meta":{"ngg_post_thumbnail":0,"footnotes":""},"class_list":["post-32","page","type-page","status-publish","hentry"],"aioseo_notices":[],"_links":{"self":[{"href":"https:\/\/mcdg.hu\/de\/index.php\/wp-json\/wp\/v2\/pages\/32","targetHints":{"allow":["GET"]}}],"collection":[{"href":"https:\/\/mcdg.hu\/de\/index.php\/wp-json\/wp\/v2\/pages"}],"about":[{"href":"https:\/\/mcdg.hu\/de\/index.php\/wp-json\/wp\/v2\/types\/page"}],"author":[{"embeddable":true,"href":"https:\/\/mcdg.hu\/de\/index.php\/wp-json\/wp\/v2\/users\/1"}],"replies":[{"embeddable":true,"href":"https:\/\/mcdg.hu\/de\/index.php\/wp-json\/wp\/v2\/comments?post=32"}],"version-history":[{"count":9,"href":"https:\/\/mcdg.hu\/de\/index.php\/wp-json\/wp\/v2\/pages\/32\/revisions"}],"predecessor-version":[{"id":146,"href":"https:\/\/mcdg.hu\/de\/index.php\/wp-json\/wp\/v2\/pages\/32\/revisions\/146"}],"wp:attachment":[{"href":"https:\/\/mcdg.hu\/de\/index.php\/wp-json\/wp\/v2\/media?parent=32"}],"curies":[{"name":"wp","href":"https:\/\/api.w.org\/{rel}","templated":true}]}}