{"id":34,"date":"2016-07-19T16:00:51","date_gmt":"2016-07-19T16:00:51","guid":{"rendered":"https:\/\/mcdg.hu\/de\/?page_id=34"},"modified":"2016-07-21T14:29:26","modified_gmt":"2016-07-21T14:29:26","slug":"leistungsangebot","status":"publish","type":"page","link":"https:\/\/mcdg.hu\/de\/index.php\/leistungsangebot\/","title":{"rendered":"Leistungsangebot"},"content":{"rendered":"<p style=\"text-align: justify;\">Unsere Kanzlei hat langj\u00e4hrige und tiefgreifende Erfahrungen mit s\u00e4mtlichen Fragen des Wirtschaftsrechts.<\/p>\n<p style=\"text-align: justify;\">Neben unserer umfassenden T\u00e4tigkeit in der Rechtsberatung verf\u00fcgen wir \u00fcber eine erhebliche Erfahrung mit Verfahren vor ordentlichen Gerichten und Schiedsgerichten, \u00fcber Schlichtungsverfahren, sowie verschiedenen Verwaltungsverfahren.<\/p>\n<p style=\"text-align: justify;\">Neben Unternehmen beraten und vertreten wir auch Privatpersonen in zivil- und \u00f6ffentlich-rechtlichen Angelegenheiten sowohl au\u00dfergerichtlich als auch gerichtlich.<\/p>\n<p style=\"text-align: justify;\">Es w\u00fcrde uns freuen Ihnen unsere Kanzlei in einem unverbindlichen Gespr\u00e4ch n\u00e4her vorzustellen und stehen Ihnen mit unseren Dienstleistungen jederzeit gerne zur Verf\u00fcgung.<\/p>\n<p style=\"text-align: justify;\">Unsere T\u00e4tigkeitsfelder sind:<\/p>\n<ul>\n<li style=\"text-align: justify;\"><a href=\"https:\/\/mcdg.hu\/de\/index.php\/arbeitsrecht\/\">Arbeitsrecht<\/a><\/li>\n<li style=\"text-align: justify;\">Arbitration und ADR<\/li>\n<li style=\"text-align: justify;\">Baurecht und Bauprojekte<\/li>\n<li style=\"text-align: justify;\"><a href=\"https:\/\/mcdg.hu\/de\/index.php\/datenschutz\/\">Datenschutzrecht<\/a><\/li>\n<li style=\"text-align: justify;\"><a href=\"https:\/\/mcdg.hu\/de\/index.php\/e-commerce-recht\/\">E-Commerce-Recht<\/a><\/li>\n<li style=\"text-align: justify;\">Erbrecht<\/li>\n<li style=\"text-align: justify;\">Existenzgr\u00fcndung<\/li>\n<li style=\"text-align: justify;\">Familienrecht<\/li>\n<li style=\"text-align: justify;\"><a href=\"https:\/\/mcdg.hu\/de\/index.php\/gesellschaftsrecht\/\">Gesellschaftsrecht<\/a><\/li>\n<li style=\"text-align: justify;\"><a href=\"https:\/\/mcdg.hu\/de\/index.php\/handels-und-vertragsrecht\/\">Handelsrecht<\/a><\/li>\n<li style=\"text-align: justify;\">Insolvenzrecht<\/li>\n<li style=\"text-align: justify;\">Internationale Rechtsverfolgung<\/li>\n<li style=\"text-align: justify;\"><a href=\"https:\/\/mcdg.hu\/de\/index.php\/immaterialguterrecht\/\">Immaterialg\u00fcterrecht<\/a><\/li>\n<li style=\"text-align: justify;\"><a href=\"https:\/\/mcdg.hu\/de\/index.php\/immobilien-und-baurecht\/\">Immobilienrecht und Mietrecht<\/a><\/li>\n<li style=\"text-align: justify;\"><a href=\"https:\/\/mcdg.hu\/de\/index.php\/steuerrecht\/\">Steuerrecht<\/a><\/li>\n<li style=\"text-align: justify;\">Verwaltungsrecht<\/li>\n<li style=\"text-align: justify;\"><a href=\"https:\/\/mcdg.hu\/de\/index.php\/vergaberecht-wettbewerbsrecht\/\">Wettbewerbsrecht<\/a><\/li>\n<li style=\"text-align: justify;\"><a href=\"https:\/\/mcdg.hu\/de\/index.php\/wirtschaftsstrafrecht\/\">Wirtschaftsstrafrecht<\/a><\/li>\n<li style=\"text-align: justify;\">Zivilprozess<\/li>\n<li style=\"text-align: justify;\">Zwangsvollstreckung<\/li>\n<\/ul>\n","protected":false},"excerpt":{"rendered":"<p>Unsere Kanzlei hat langj\u00e4hrige und tiefgreifende Erfahrungen mit s\u00e4mtlichen Fragen des Wirtschaftsrechts. Neben unserer umfassenden T\u00e4tigkeit in der Rechtsberatung verf\u00fcgen wir \u00fcber eine erhebliche Erfahrung mit Verfahren vor ordentlichen Gerichten und Schiedsgerichten, \u00fcber Schlichtungsverfahren, sowie verschiedenen Verwaltungsverfahren. Neben Unternehmen beraten&hellip; <\/p>\n","protected":false},"author":1,"featured_media":0,"parent":0,"menu_order":0,"comment_status":"closed","ping_status":"closed","template":"","meta":{"ngg_post_thumbnail":0,"footnotes":""},"class_list":["post-34","page","type-page","status-publish","hentry"],"aioseo_notices":[],"_links":{"self":[{"href":"https:\/\/mcdg.hu\/de\/index.php\/wp-json\/wp\/v2\/pages\/34","targetHints":{"allow":["GET"]}}],"collection":[{"href":"https:\/\/mcdg.hu\/de\/index.php\/wp-json\/wp\/v2\/pages"}],"about":[{"href":"https:\/\/mcdg.hu\/de\/index.php\/wp-json\/wp\/v2\/types\/page"}],"author":[{"embeddable":true,"href":"https:\/\/mcdg.hu\/de\/index.php\/wp-json\/wp\/v2\/users\/1"}],"replies":[{"embeddable":true,"href":"https:\/\/mcdg.hu\/de\/index.php\/wp-json\/wp\/v2\/comments?post=34"}],"version-history":[{"count":4,"href":"https:\/\/mcdg.hu\/de\/index.php\/wp-json\/wp\/v2\/pages\/34\/revisions"}],"predecessor-version":[{"id":120,"href":"https:\/\/mcdg.hu\/de\/index.php\/wp-json\/wp\/v2\/pages\/34\/revisions\/120"}],"wp:attachment":[{"href":"https:\/\/mcdg.hu\/de\/index.php\/wp-json\/wp\/v2\/media?parent=34"}],"curies":[{"name":"wp","href":"https:\/\/api.w.org\/{rel}","templated":true}]}}