{"id":36,"date":"2016-07-19T16:04:23","date_gmt":"2016-07-19T16:04:23","guid":{"rendered":"https:\/\/mcdg.hu\/de\/?page_id=36"},"modified":"2016-07-19T18:24:44","modified_gmt":"2016-07-19T18:24:44","slug":"uber-uns","status":"publish","type":"page","link":"https:\/\/mcdg.hu\/de\/","title":{"rendered":"\u00dcber uns"},"content":{"rendered":"<p style=\"text-align: justify;\"><strong>Wilkommen bei der Rechtsanwaltskanzlei Marosi &amp; Partner!<\/strong><\/p>\n<p style=\"text-align: justify;\">Die Kanzlei bzw. deren Rechtsvorg\u00e4nger wurde von Dr. Andr\u00e1s Marosi im Jahre 1991 gegr\u00fcndet, also gleich zu Beginn der Zeit als es nach der Wende wieder m\u00f6glich war den Anwaltsberuf in Ungarn frei auszu\u00fcben. In der heutigen Zusammensetzung und unter dem heutigen Namen sind wir seit 2005 t\u00e4tig. Unsere Kanzlei hat zwei Partner: <strong>Dr. Andr\u00e1s Marosi<\/strong>,\u00a0 und\u00a0<strong>Dr. K\u00e1roly P. B\u00e1rd<\/strong>.<\/p>\n<p>Die Kanzlei ist mit weiteren Anw\u00e4lten und in der Ausbildung befindlichen Anw\u00e4lten \u2013 Konzipienten \u2013 besetzt, ferner sind in unserer Kanzlei noch juristische Assistenten und Administratoren t\u00e4tig.<\/p>\n<p>Alle Anw\u00e4lte der Kanzlei verf\u00fcgen \u00fcber umfangreiche Erfahrung auf dem Gebiet der Rechtsberatung sowie Prozessf\u00fchrung und sind an allen ungarischen Gerichten zugelassen.<\/p>\n<p>Wir beraten unsere nationalen und internationalen Mandanten neben ungarisch auch auf englisch und deutsch. Das Leistungsportfolio unserer Kanzlei wird durch Mitwirkung anerkannter Fachberater (Wirtschaftsberater, Steuerpr\u00fcfer, Buchpr\u00fcfer etc.) verbreitert. Wir haben eine intensive Kooperation mit in- und ausl\u00e4ndischen Rechtsanwaltskanzleien und sind im Verbund eines leistungsf\u00e4higen europaweiten Netzes mit mehreren hundert Anw\u00e4lten an zahlreichen Standorten. Diese Art von Zusammenarbeit sichert unseren Kunden eine seri\u00f6se &#8222;Rundumbetreuung&#8221; aus einer Hand.<\/p>\n<p style=\"text-align: justify;\">Wir sind Mitglied der\u00a0<a href=\"http:\/\/www.bpbar.hu\/\" target=\"_blank\">Budapester Rechtsanwaltskammer<\/a>\u00a0und werden von dieser beaufsichtigt.<\/p>\n<p style=\"text-align: justify;\"><img loading=\"lazy\" decoding=\"async\" class=\"aligncenter wp-image-26\" src=\"https:\/\/mcdg.hu\/de\/wp-content\/uploads\/2016\/07\/ugyved-300x300.jpg\" alt=\"ugyved\" width=\"103\" height=\"103\" srcset=\"https:\/\/mcdg.hu\/de\/wp-content\/uploads\/2016\/07\/ugyved-300x300.jpg 300w, https:\/\/mcdg.hu\/de\/wp-content\/uploads\/2016\/07\/ugyved-150x150.jpg 150w, https:\/\/mcdg.hu\/de\/wp-content\/uploads\/2016\/07\/ugyved-768x768.jpg 768w, https:\/\/mcdg.hu\/de\/wp-content\/uploads\/2016\/07\/ugyved-230x230.jpg 230w, https:\/\/mcdg.hu\/de\/wp-content\/uploads\/2016\/07\/ugyved.jpg 900w\" sizes=\"auto, (max-width: 103px) 100vw, 103px\" \/><\/p>\n<h3 style=\"text-align: justify;\">Die Kanzlei<\/h3>\n<p style=\"text-align: justify;\">Unsere neu renovierten, modern eingerichteten R\u00e4umlichkeiten befinden sich in einem klassischen Stilaltbau B\u00fcro in der historischen Innenstadt von Budapest.<\/p>\n<p style=\"text-align: justify;\">Unseren Mandanten bieten wir umfassende Dienstleistungen f\u00fcr wirtschaftsrechtliche Angelegenheiten, sowie individualisierte Beratung und Betreuung.<\/p>\n<p style=\"text-align: justify;\">Unsere Kanzleiausstattung entspricht den neuesten Erkenntnissen der Kommunikationstechnik. Wir verf\u00fcgen \u00fcber online-Verbindung mit dem ungarischen Grundbuchregister, online-Verbindung mit dem Handelsregister des Justizministeriums, sowie Zugang zu weiteren Datenbanken und Anlagen, die uns in unserer Arbeit behilflich sind. \u00dcber unsere online-Verbindungen k\u00f6nnen wir zeit- und kostensparend unseren Mandanten wichtige Nebendienstleistungen bieten, wie zum Beispiel die Beschaffung von Register- und Wirtschaftsausk\u00fcnften im In- und Ausland.<\/p>\n<p style=\"text-align: center;\">\u00a0\u00a0ngg_shortcode_0_placeholder<\/p>\n","protected":false},"excerpt":{"rendered":"<p>Wilkommen bei der Rechtsanwaltskanzlei Marosi &amp; Partner! Die Kanzlei bzw. deren Rechtsvorg\u00e4nger wurde von Dr. Andr\u00e1s Marosi im Jahre 1991 gegr\u00fcndet, also gleich zu Beginn der Zeit als es nach der Wende wieder m\u00f6glich war den Anwaltsberuf in Ungarn frei&hellip; <\/p>\n","protected":false},"author":1,"featured_media":0,"parent":0,"menu_order":0,"comment_status":"closed","ping_status":"closed","template":"","meta":{"ngg_post_thumbnail":0,"footnotes":""},"class_list":["post-36","page","type-page","status-publish","hentry"],"aioseo_notices":[],"_links":{"self":[{"href":"https:\/\/mcdg.hu\/de\/index.php\/wp-json\/wp\/v2\/pages\/36","targetHints":{"allow":["GET"]}}],"collection":[{"href":"https:\/\/mcdg.hu\/de\/index.php\/wp-json\/wp\/v2\/pages"}],"about":[{"href":"https:\/\/mcdg.hu\/de\/index.php\/wp-json\/wp\/v2\/types\/page"}],"author":[{"embeddable":true,"href":"https:\/\/mcdg.hu\/de\/index.php\/wp-json\/wp\/v2\/users\/1"}],"replies":[{"embeddable":true,"href":"https:\/\/mcdg.hu\/de\/index.php\/wp-json\/wp\/v2\/comments?post=36"}],"version-history":[{"count":6,"href":"https:\/\/mcdg.hu\/de\/index.php\/wp-json\/wp\/v2\/pages\/36\/revisions"}],"predecessor-version":[{"id":90,"href":"https:\/\/mcdg.hu\/de\/index.php\/wp-json\/wp\/v2\/pages\/36\/revisions\/90"}],"wp:attachment":[{"href":"https:\/\/mcdg.hu\/de\/index.php\/wp-json\/wp\/v2\/media?parent=36"}],"curies":[{"name":"wp","href":"https:\/\/api.w.org\/{rel}","templated":true}]}}