{"id":95,"date":"2016-07-21T14:18:46","date_gmt":"2016-07-21T14:18:46","guid":{"rendered":"https:\/\/mcdg.hu\/de\/?page_id=95"},"modified":"2016-07-21T14:18:46","modified_gmt":"2016-07-21T14:18:46","slug":"arbeitsrecht","status":"publish","type":"page","link":"https:\/\/mcdg.hu\/de\/index.php\/arbeitsrecht\/","title":{"rendered":"Arbeitsrecht"},"content":{"rendered":"<ul>\n<li>Gestaltung und Verhandlung von Anstellungs-, Arbeits-, und Dienstvertr\u00e4gen,<\/li>\n<li>Vereinbarungen \u00fcber Gewinnbeteiligung,<\/li>\n<li>arbeitsrechtliche Verfahren,<\/li>\n<li>Erstellung der Dokumente bez\u00fcglich der Aufl\u00f6sung des Arbeitsverh\u00e4ltnisses,<\/li>\n<li>Beratung vor und nach Ausspruch einer K\u00fcndigung,<\/li>\n<li>Vertretung in K\u00fcndigungsprozessen,<\/li>\n<li>Interim Management,<\/li>\n<li>Beratung bei der Gestaltung der Arbeitsorganisation der Gesellschaften,<\/li>\n<li>Abgrenzung von Arbeits- und Auftragsverh\u00e4ltnis,<\/li>\n<li>HR-Audit,<\/li>\n<li>Kontrolle des Arbeitsamtes,<\/li>\n<li>Umfassende Beratung und Vertretung in allen arbeitsrechtlichen Fragen<\/li>\n<\/ul>\n","protected":false},"excerpt":{"rendered":"<p>Gestaltung und Verhandlung von Anstellungs-, Arbeits-, und Dienstvertr\u00e4gen, Vereinbarungen \u00fcber Gewinnbeteiligung, arbeitsrechtliche Verfahren, Erstellung der Dokumente bez\u00fcglich der Aufl\u00f6sung des Arbeitsverh\u00e4ltnisses, Beratung vor und nach Ausspruch einer K\u00fcndigung, Vertretung in K\u00fcndigungsprozessen, Interim Management, Beratung bei der Gestaltung der Arbeitsorganisation der&hellip; <\/p>\n","protected":false},"author":1,"featured_media":0,"parent":0,"menu_order":0,"comment_status":"closed","ping_status":"closed","template":"","meta":{"ngg_post_thumbnail":0,"footnotes":""},"class_list":["post-95","page","type-page","status-publish","hentry"],"aioseo_notices":[],"_links":{"self":[{"href":"https:\/\/mcdg.hu\/de\/index.php\/wp-json\/wp\/v2\/pages\/95","targetHints":{"allow":["GET"]}}],"collection":[{"href":"https:\/\/mcdg.hu\/de\/index.php\/wp-json\/wp\/v2\/pages"}],"about":[{"href":"https:\/\/mcdg.hu\/de\/index.php\/wp-json\/wp\/v2\/types\/page"}],"author":[{"embeddable":true,"href":"https:\/\/mcdg.hu\/de\/index.php\/wp-json\/wp\/v2\/users\/1"}],"replies":[{"embeddable":true,"href":"https:\/\/mcdg.hu\/de\/index.php\/wp-json\/wp\/v2\/comments?post=95"}],"version-history":[{"count":1,"href":"https:\/\/mcdg.hu\/de\/index.php\/wp-json\/wp\/v2\/pages\/95\/revisions"}],"predecessor-version":[{"id":96,"href":"https:\/\/mcdg.hu\/de\/index.php\/wp-json\/wp\/v2\/pages\/95\/revisions\/96"}],"wp:attachment":[{"href":"https:\/\/mcdg.hu\/de\/index.php\/wp-json\/wp\/v2\/media?parent=95"}],"curies":[{"name":"wp","href":"https:\/\/api.w.org\/{rel}","templated":true}]}}