{"id":99,"date":"2016-07-21T14:19:35","date_gmt":"2016-07-21T14:19:35","guid":{"rendered":"https:\/\/mcdg.hu\/de\/?page_id=99"},"modified":"2016-07-21T14:19:35","modified_gmt":"2016-07-21T14:19:35","slug":"e-commerce-recht","status":"publish","type":"page","link":"https:\/\/mcdg.hu\/de\/index.php\/e-commerce-recht\/","title":{"rendered":"E-Commerce-Recht"},"content":{"rendered":"<ul>\n<li>Datenschutz im Internet,<\/li>\n<li>Recht der elektronischen Anzeige,<\/li>\n<li>Domainrechtsf\u00e4llen (Registration, Benutzung, Aneignung, \u00dcbertragung),<\/li>\n<li>Gestaltung von den Vertr\u00e4gen bez\u00fcglich Internetdienstleistungen,<\/li>\n<li>Allgemeine Gesch\u00e4ftsbedingungen,<\/li>\n<li>Erstellung von Datenschutzsatzungen,<\/li>\n<li>Rechte und Rechtsstreitigkeiten bez\u00fcglich Webseiten<\/li>\n<li>Juristische Begleitung von Web-Projekten,<\/li>\n<li>Beratung in allen Fragen rund um den Internet-Auftritt und die Internet-Nutzung<\/li>\n<\/ul>\n","protected":false},"excerpt":{"rendered":"<p>Datenschutz im Internet, Recht der elektronischen Anzeige, Domainrechtsf\u00e4llen (Registration, Benutzung, Aneignung, \u00dcbertragung), Gestaltung von den Vertr\u00e4gen bez\u00fcglich Internetdienstleistungen, Allgemeine Gesch\u00e4ftsbedingungen, Erstellung von Datenschutzsatzungen, Rechte und Rechtsstreitigkeiten bez\u00fcglich Webseiten Juristische Begleitung von Web-Projekten, Beratung in allen Fragen rund um den Internet-Auftritt&hellip; <\/p>\n","protected":false},"author":1,"featured_media":0,"parent":0,"menu_order":0,"comment_status":"closed","ping_status":"closed","template":"","meta":{"ngg_post_thumbnail":0,"footnotes":""},"class_list":["post-99","page","type-page","status-publish","hentry"],"aioseo_notices":[],"_links":{"self":[{"href":"https:\/\/mcdg.hu\/de\/index.php\/wp-json\/wp\/v2\/pages\/99","targetHints":{"allow":["GET"]}}],"collection":[{"href":"https:\/\/mcdg.hu\/de\/index.php\/wp-json\/wp\/v2\/pages"}],"about":[{"href":"https:\/\/mcdg.hu\/de\/index.php\/wp-json\/wp\/v2\/types\/page"}],"author":[{"embeddable":true,"href":"https:\/\/mcdg.hu\/de\/index.php\/wp-json\/wp\/v2\/users\/1"}],"replies":[{"embeddable":true,"href":"https:\/\/mcdg.hu\/de\/index.php\/wp-json\/wp\/v2\/comments?post=99"}],"version-history":[{"count":1,"href":"https:\/\/mcdg.hu\/de\/index.php\/wp-json\/wp\/v2\/pages\/99\/revisions"}],"predecessor-version":[{"id":100,"href":"https:\/\/mcdg.hu\/de\/index.php\/wp-json\/wp\/v2\/pages\/99\/revisions\/100"}],"wp:attachment":[{"href":"https:\/\/mcdg.hu\/de\/index.php\/wp-json\/wp\/v2\/media?parent=99"}],"curies":[{"name":"wp","href":"https:\/\/api.w.org\/{rel}","templated":true}]}}